{"id":2021,"date":"2024-09-26T14:02:11","date_gmt":"2024-09-26T14:02:11","guid":{"rendered":"https:\/\/sinalfort.com.br\/?page_id=2021"},"modified":"2024-10-02T00:34:15","modified_gmt":"2024-10-02T00:34:15","slug":"todos_produtos","status":"publish","type":"page","link":"https:\/\/sinalfort.com.br\/?page_id=2021","title":{"rendered":"Todos Produtos"},"content":{"rendered":"\t\t<div data-elementor-type=\"wp-page\" data-elementor-id=\"2021\" class=\"elementor elementor-2021\" data-elementor-settings=\"{&quot;ha_cmc_init_switcher&quot;:&quot;no&quot;}\">\n\t\t\t\t<div class=\"elementor-element elementor-element-6037444 e-con-full e-transform animated-slow e-flex elementor-invisible e-con e-parent\" data-id=\"6037444\" data-element_type=\"container\" data-e-type=\"container\" data-settings=\"{&quot;_transform_translateY_effect&quot;:{&quot;unit&quot;:&quot;px&quot;,&quot;size&quot;:100,&quot;sizes&quot;:[]},&quot;animation&quot;:&quot;fadeIn&quot;,&quot;_ha_eqh_enable&quot;:false,&quot;_transform_translateX_effect&quot;:{&quot;unit&quot;:&quot;px&quot;,&quot;size&quot;:&quot;&quot;,&quot;sizes&quot;:[]},&quot;_transform_translateX_effect_tablet&quot;:{&quot;unit&quot;:&quot;px&quot;,&quot;size&quot;:&quot;&quot;,&quot;sizes&quot;:[]},&quot;_transform_translateX_effect_mobile&quot;:{&quot;unit&quot;:&quot;px&quot;,&quot;size&quot;:&quot;&quot;,&quot;sizes&quot;:[]},&quot;_transform_translateY_effect_tablet&quot;:{&quot;unit&quot;:&quot;px&quot;,&quot;size&quot;:&quot;&quot;,&quot;sizes&quot;:[]},&quot;_transform_translateY_effect_mobile&quot;:{&quot;unit&quot;:&quot;px&quot;,&quot;size&quot;:&quot;&quot;,&quot;sizes&quot;:[]}}\">\n\t\t\t\t<div class=\"elementor-element elementor-element-717205e elementor-widget-divider--view-line_text elementor-widget__width-inherit e-transform elementor-widget-divider--element-align-left elementor-widget elementor-widget-divider\" data-id=\"717205e\" data-element_type=\"widget\" data-e-type=\"widget\" data-settings=\"{&quot;_transform_translateX_effect_mobile&quot;:{&quot;unit&quot;:&quot;px&quot;,&quot;size&quot;:26,&quot;sizes&quot;:[]},&quot;_transform_translateY_effect_mobile&quot;:{&quot;unit&quot;:&quot;px&quot;,&quot;size&quot;:-133,&quot;sizes&quot;:[]},&quot;_transform_translateX_effect&quot;:{&quot;unit&quot;:&quot;px&quot;,&quot;size&quot;:&quot;&quot;,&quot;sizes&quot;:[]},&quot;_transform_translateX_effect_tablet&quot;:{&quot;unit&quot;:&quot;px&quot;,&quot;size&quot;:&quot;&quot;,&quot;sizes&quot;:[]},&quot;_transform_translateY_effect&quot;:{&quot;unit&quot;:&quot;px&quot;,&quot;size&quot;:&quot;&quot;,&quot;sizes&quot;:[]},&quot;_transform_translateY_effect_tablet&quot;:{&quot;unit&quot;:&quot;px&quot;,&quot;size&quot;:&quot;&quot;,&quot;sizes&quot;:[]}}\" data-widget_type=\"divider.default\">\n\t\t\t\t<div class=\"elementor-widget-container\">\n\t\t\t\t\t\t\t<div class=\"elementor-divider\">\n\t\t\t<span class=\"elementor-divider-separator\">\n\t\t\t\t\t\t\t<span class=\"elementor-divider__text elementor-divider__element\">\n\t\t\t\tProdutos\t\t\t\t<\/span>\n\t\t\t\t\t\t<\/span>\n\t\t<\/div>\n\t\t\t\t\t\t<\/div>\n\t\t\t\t<\/div>\n\t\t\t\t<\/div>\n\t\t<div class=\"elementor-element elementor-element-4b52782 e-con-full e-transform animated-slow e-grid elementor-invisible e-con e-parent\" data-id=\"4b52782\" data-element_type=\"container\" data-e-type=\"container\" data-settings=\"{&quot;_transform_translateY_effect&quot;:{&quot;unit&quot;:&quot;px&quot;,&quot;size&quot;:102,&quot;sizes&quot;:[]},&quot;background_background&quot;:&quot;classic&quot;,&quot;_transform_translateX_effect&quot;:{&quot;unit&quot;:&quot;px&quot;,&quot;size&quot;:2,&quot;sizes&quot;:[]},&quot;_transform_translateX_effect_mobile&quot;:{&quot;unit&quot;:&quot;px&quot;,&quot;size&quot;:0,&quot;sizes&quot;:[]},&quot;animation&quot;:&quot;fadeIn&quot;,&quot;_transform_translateY_effect_mobile&quot;:{&quot;unit&quot;:&quot;px&quot;,&quot;size&quot;:-48,&quot;sizes&quot;:[]},&quot;_ha_eqh_enable&quot;:false,&quot;_transform_translateX_effect_tablet&quot;:{&quot;unit&quot;:&quot;px&quot;,&quot;size&quot;:&quot;&quot;,&quot;sizes&quot;:[]},&quot;_transform_translateY_effect_tablet&quot;:{&quot;unit&quot;:&quot;px&quot;,&quot;size&quot;:&quot;&quot;,&quot;sizes&quot;:[]}}\">\n\t\t\t\t<div class=\"elementor-element elementor-element-0890df4 elementor-widget-mobile__width-initial e-transform elementor-position-top elementor-position-top elementor-widget elementor-widget-image-box\" data-id=\"0890df4\" data-element_type=\"widget\" data-e-type=\"widget\" data-settings=\"{&quot;_transform_scale_effect&quot;:{&quot;unit&quot;:&quot;px&quot;,&quot;size&quot;:&quot;&quot;,&quot;sizes&quot;:[]},&quot;_transform_scale_effect_tablet&quot;:{&quot;unit&quot;:&quot;px&quot;,&quot;size&quot;:&quot;&quot;,&quot;sizes&quot;:[]},&quot;_transform_scale_effect_mobile&quot;:{&quot;unit&quot;:&quot;px&quot;,&quot;size&quot;:&quot;&quot;,&quot;sizes&quot;:[]}}\" data-widget_type=\"image-box.default\">\n\t\t\t\t<div class=\"elementor-widget-container\">\n\t\t\t\t\t<div class=\"elementor-image-box-wrapper\"><figure class=\"elementor-image-box-img\"><a href=\"https:\/\/sinalfort.com.br\/?page_id=1975\" tabindex=\"-1\"><img fetchpriority=\"high\" decoding=\"async\" width=\"500\" height=\"500\" src=\"https:\/\/sinalfort.com.br\/wp-content\/uploads\/2024\/09\/antena.jpg\" class=\"elementor-animation-bob attachment-large size-large wp-image-1901\" alt=\"\" srcset=\"https:\/\/sinalfort.com.br\/wp-content\/uploads\/2024\/09\/antena.jpg 500w, https:\/\/sinalfort.com.br\/wp-content\/uploads\/2024\/09\/antena-300x300.jpg 300w, https:\/\/sinalfort.com.br\/wp-content\/uploads\/2024\/09\/antena-150x150.jpg 150w, https:\/\/sinalfort.com.br\/wp-content\/uploads\/2024\/09\/antena-100x100.jpg 100w, https:\/\/sinalfort.com.br\/wp-content\/uploads\/2024\/09\/antena-64x64.jpg 64w\" sizes=\"(max-width: 500px) 100vw, 500px\" \/><\/a><\/figure><div class=\"elementor-image-box-content\"><h3 class=\"elementor-image-box-title\"><a href=\"https:\/\/sinalfort.com.br\/?page_id=1975\">Antenas<\/a><\/h3><\/div><\/div>\t\t\t\t<\/div>\n\t\t\t\t<\/div>\n\t\t\t\t<div class=\"elementor-element elementor-element-83c3fb6 elementor-widget-mobile__width-initial e-transform elementor-position-top elementor-position-top elementor-widget elementor-widget-image-box\" data-id=\"83c3fb6\" data-element_type=\"widget\" data-e-type=\"widget\" data-settings=\"{&quot;_transform_scale_effect&quot;:{&quot;unit&quot;:&quot;px&quot;,&quot;size&quot;:&quot;&quot;,&quot;sizes&quot;:[]},&quot;_transform_scale_effect_tablet&quot;:{&quot;unit&quot;:&quot;px&quot;,&quot;size&quot;:&quot;&quot;,&quot;sizes&quot;:[]},&quot;_transform_scale_effect_mobile&quot;:{&quot;unit&quot;:&quot;px&quot;,&quot;size&quot;:&quot;&quot;,&quot;sizes&quot;:[]}}\" data-widget_type=\"image-box.default\">\n\t\t\t\t<div class=\"elementor-widget-container\">\n\t\t\t\t\t<div class=\"elementor-image-box-wrapper\"><figure class=\"elementor-image-box-img\"><a href=\"https:\/\/sinalfort.com.br\/?page_id=3034\" tabindex=\"-1\"><img decoding=\"async\" width=\"500\" height=\"500\" src=\"https:\/\/sinalfort.com.br\/wp-content\/uploads\/2024\/09\/abraladeira.jpg\" class=\"elementor-animation-bob attachment-large size-large wp-image-1906\" alt=\"\" srcset=\"https:\/\/sinalfort.com.br\/wp-content\/uploads\/2024\/09\/abraladeira.jpg 500w, https:\/\/sinalfort.com.br\/wp-content\/uploads\/2024\/09\/abraladeira-300x300.jpg 300w, https:\/\/sinalfort.com.br\/wp-content\/uploads\/2024\/09\/abraladeira-150x150.jpg 150w, https:\/\/sinalfort.com.br\/wp-content\/uploads\/2024\/09\/abraladeira-100x100.jpg 100w, https:\/\/sinalfort.com.br\/wp-content\/uploads\/2024\/09\/abraladeira-64x64.jpg 64w\" sizes=\"(max-width: 500px) 100vw, 500px\" \/><\/a><\/figure><div class=\"elementor-image-box-content\"><h3 class=\"elementor-image-box-title\"><a href=\"https:\/\/sinalfort.com.br\/?page_id=3034\">Abra\u00e7adeiras<\/a><\/h3><\/div><\/div>\t\t\t\t<\/div>\n\t\t\t\t<\/div>\n\t\t\t\t<div class=\"elementor-element elementor-element-935f542 elementor-widget-mobile__width-initial e-transform elementor-position-top elementor-position-top elementor-widget elementor-widget-image-box\" data-id=\"935f542\" data-element_type=\"widget\" data-e-type=\"widget\" data-settings=\"{&quot;_transform_scale_effect&quot;:{&quot;unit&quot;:&quot;px&quot;,&quot;size&quot;:&quot;&quot;,&quot;sizes&quot;:[]},&quot;_transform_scale_effect_tablet&quot;:{&quot;unit&quot;:&quot;px&quot;,&quot;size&quot;:&quot;&quot;,&quot;sizes&quot;:[]},&quot;_transform_scale_effect_mobile&quot;:{&quot;unit&quot;:&quot;px&quot;,&quot;size&quot;:&quot;&quot;,&quot;sizes&quot;:[]}}\" data-widget_type=\"image-box.default\">\n\t\t\t\t<div class=\"elementor-widget-container\">\n\t\t\t\t\t<div class=\"elementor-image-box-wrapper\"><figure class=\"elementor-image-box-img\"><a href=\"https:\/\/sinalfort.com.br\/?page_id=3045\" tabindex=\"-1\"><img decoding=\"async\" width=\"500\" height=\"500\" src=\"https:\/\/sinalfort.com.br\/wp-content\/uploads\/2024\/09\/suporte-arcondicionado.jpg\" class=\"elementor-animation-bob attachment-full size-full wp-image-1907\" alt=\"\" srcset=\"https:\/\/sinalfort.com.br\/wp-content\/uploads\/2024\/09\/suporte-arcondicionado.jpg 500w, https:\/\/sinalfort.com.br\/wp-content\/uploads\/2024\/09\/suporte-arcondicionado-300x300.jpg 300w, https:\/\/sinalfort.com.br\/wp-content\/uploads\/2024\/09\/suporte-arcondicionado-150x150.jpg 150w, https:\/\/sinalfort.com.br\/wp-content\/uploads\/2024\/09\/suporte-arcondicionado-100x100.jpg 100w, https:\/\/sinalfort.com.br\/wp-content\/uploads\/2024\/09\/suporte-arcondicionado-64x64.jpg 64w\" sizes=\"(max-width: 500px) 100vw, 500px\" \/><\/a><\/figure><div class=\"elementor-image-box-content\"><h3 class=\"elementor-image-box-title\"><a href=\"https:\/\/sinalfort.com.br\/?page_id=3045\">Suporte ar-condicionado<\/a><\/h3><\/div><\/div>\t\t\t\t<\/div>\n\t\t\t\t<\/div>\n\t\t\t\t<div class=\"elementor-element elementor-element-e068f15 elementor-widget-mobile__width-initial e-transform elementor-position-top elementor-position-top elementor-widget elementor-widget-image-box\" data-id=\"e068f15\" data-element_type=\"widget\" data-e-type=\"widget\" data-settings=\"{&quot;_transform_scale_effect&quot;:{&quot;unit&quot;:&quot;px&quot;,&quot;size&quot;:&quot;&quot;,&quot;sizes&quot;:[]},&quot;_transform_scale_effect_tablet&quot;:{&quot;unit&quot;:&quot;px&quot;,&quot;size&quot;:&quot;&quot;,&quot;sizes&quot;:[]},&quot;_transform_scale_effect_mobile&quot;:{&quot;unit&quot;:&quot;px&quot;,&quot;size&quot;:&quot;&quot;,&quot;sizes&quot;:[]}}\" data-widget_type=\"image-box.default\">\n\t\t\t\t<div class=\"elementor-widget-container\">\n\t\t\t\t\t<div class=\"elementor-image-box-wrapper\"><figure class=\"elementor-image-box-img\"><a href=\"https:\/\/sinalfort.com.br\/?page_id=3069\" tabindex=\"-1\"><img loading=\"lazy\" decoding=\"async\" width=\"500\" height=\"500\" src=\"https:\/\/sinalfort.com.br\/wp-content\/uploads\/2024\/09\/tubo-antena.jpg\" class=\"elementor-animation-bob attachment-full size-full wp-image-1916\" alt=\"\" srcset=\"https:\/\/sinalfort.com.br\/wp-content\/uploads\/2024\/09\/tubo-antena.jpg 500w, https:\/\/sinalfort.com.br\/wp-content\/uploads\/2024\/09\/tubo-antena-300x300.jpg 300w, https:\/\/sinalfort.com.br\/wp-content\/uploads\/2024\/09\/tubo-antena-150x150.jpg 150w, https:\/\/sinalfort.com.br\/wp-content\/uploads\/2024\/09\/tubo-antena-100x100.jpg 100w, https:\/\/sinalfort.com.br\/wp-content\/uploads\/2024\/09\/tubo-antena-64x64.jpg 64w\" sizes=\"(max-width: 500px) 100vw, 500px\" \/><\/a><\/figure><div class=\"elementor-image-box-content\"><h3 class=\"elementor-image-box-title\"><a href=\"https:\/\/sinalfort.com.br\/?page_id=3069\">Suporte e tubos para antenas<\/a><\/h3><\/div><\/div>\t\t\t\t<\/div>\n\t\t\t\t<\/div>\n\t\t\t\t<div class=\"elementor-element elementor-element-9d38062 elementor-widget-mobile__width-initial e-transform elementor-position-top elementor-position-top elementor-widget elementor-widget-image-box\" data-id=\"9d38062\" data-element_type=\"widget\" data-e-type=\"widget\" data-settings=\"{&quot;_transform_scale_effect&quot;:{&quot;unit&quot;:&quot;px&quot;,&quot;size&quot;:&quot;&quot;,&quot;sizes&quot;:[]},&quot;_transform_scale_effect_tablet&quot;:{&quot;unit&quot;:&quot;px&quot;,&quot;size&quot;:&quot;&quot;,&quot;sizes&quot;:[]},&quot;_transform_scale_effect_mobile&quot;:{&quot;unit&quot;:&quot;px&quot;,&quot;size&quot;:&quot;&quot;,&quot;sizes&quot;:[]}}\" data-widget_type=\"image-box.default\">\n\t\t\t\t<div class=\"elementor-widget-container\">\n\t\t\t\t\t<div class=\"elementor-image-box-wrapper\"><figure class=\"elementor-image-box-img\"><a href=\"https:\/\/sinalfort.com.br\/?page_id=3093\" tabindex=\"-1\"><img loading=\"lazy\" decoding=\"async\" width=\"500\" height=\"500\" src=\"https:\/\/sinalfort.com.br\/wp-content\/uploads\/2024\/09\/varais.jpg\" class=\"elementor-animation-bob attachment-full size-full wp-image-1912\" alt=\"\" srcset=\"https:\/\/sinalfort.com.br\/wp-content\/uploads\/2024\/09\/varais.jpg 500w, https:\/\/sinalfort.com.br\/wp-content\/uploads\/2024\/09\/varais-300x300.jpg 300w, https:\/\/sinalfort.com.br\/wp-content\/uploads\/2024\/09\/varais-150x150.jpg 150w, https:\/\/sinalfort.com.br\/wp-content\/uploads\/2024\/09\/varais-100x100.jpg 100w, https:\/\/sinalfort.com.br\/wp-content\/uploads\/2024\/09\/varais-64x64.jpg 64w\" sizes=\"(max-width: 500px) 100vw, 500px\" \/><\/a><\/figure><div class=\"elementor-image-box-content\"><h3 class=\"elementor-image-box-title\"><a href=\"https:\/\/sinalfort.com.br\/?page_id=3093\">Varais<\/a><\/h3><\/div><\/div>\t\t\t\t<\/div>\n\t\t\t\t<\/div>\n\t\t\t\t<div class=\"elementor-element elementor-element-4a53b4d elementor-widget-mobile__width-initial e-transform elementor-position-top elementor-position-top elementor-widget elementor-widget-image-box\" data-id=\"4a53b4d\" data-element_type=\"widget\" data-e-type=\"widget\" data-settings=\"{&quot;_transform_scale_effect&quot;:{&quot;unit&quot;:&quot;px&quot;,&quot;size&quot;:&quot;&quot;,&quot;sizes&quot;:[]},&quot;_transform_scale_effect_tablet&quot;:{&quot;unit&quot;:&quot;px&quot;,&quot;size&quot;:&quot;&quot;,&quot;sizes&quot;:[]},&quot;_transform_scale_effect_mobile&quot;:{&quot;unit&quot;:&quot;px&quot;,&quot;size&quot;:&quot;&quot;,&quot;sizes&quot;:[]}}\" data-widget_type=\"image-box.default\">\n\t\t\t\t<div class=\"elementor-widget-container\">\n\t\t\t\t\t<div class=\"elementor-image-box-wrapper\"><figure class=\"elementor-image-box-img\"><a href=\"https:\/\/sinalfort.com.br\/?page_id=3079\" tabindex=\"-1\"><img loading=\"lazy\" decoding=\"async\" width=\"500\" height=\"500\" src=\"https:\/\/sinalfort.com.br\/wp-content\/uploads\/2024\/09\/suporte_calha.jpg\" class=\"elementor-animation-bob attachment-full size-full wp-image-1908\" alt=\"\" srcset=\"https:\/\/sinalfort.com.br\/wp-content\/uploads\/2024\/09\/suporte_calha.jpg 500w, https:\/\/sinalfort.com.br\/wp-content\/uploads\/2024\/09\/suporte_calha-300x300.jpg 300w, https:\/\/sinalfort.com.br\/wp-content\/uploads\/2024\/09\/suporte_calha-150x150.jpg 150w, https:\/\/sinalfort.com.br\/wp-content\/uploads\/2024\/09\/suporte_calha-100x100.jpg 100w, https:\/\/sinalfort.com.br\/wp-content\/uploads\/2024\/09\/suporte_calha-64x64.jpg 64w\" sizes=\"(max-width: 500px) 100vw, 500px\" \/><\/a><\/figure><div class=\"elementor-image-box-content\"><h3 class=\"elementor-image-box-title\"><a href=\"https:\/\/sinalfort.com.br\/?page_id=3079\">Suporte calha<\/a><\/h3><\/div><\/div>\t\t\t\t<\/div>\n\t\t\t\t<\/div>\n\t\t\t\t<div class=\"elementor-element elementor-element-434c97e elementor-widget-mobile__width-initial e-transform elementor-position-top elementor-position-top elementor-widget elementor-widget-image-box\" data-id=\"434c97e\" data-element_type=\"widget\" data-e-type=\"widget\" data-settings=\"{&quot;_transform_scale_effect&quot;:{&quot;unit&quot;:&quot;px&quot;,&quot;size&quot;:&quot;&quot;,&quot;sizes&quot;:[]},&quot;_transform_scale_effect_tablet&quot;:{&quot;unit&quot;:&quot;px&quot;,&quot;size&quot;:&quot;&quot;,&quot;sizes&quot;:[]},&quot;_transform_scale_effect_mobile&quot;:{&quot;unit&quot;:&quot;px&quot;,&quot;size&quot;:&quot;&quot;,&quot;sizes&quot;:[]}}\" data-widget_type=\"image-box.default\">\n\t\t\t\t<div class=\"elementor-widget-container\">\n\t\t\t\t\t<div class=\"elementor-image-box-wrapper\"><figure class=\"elementor-image-box-img\"><a href=\"https:\/\/sinalfort.com.br\/?page_id=3088\" tabindex=\"-1\"><img loading=\"lazy\" decoding=\"async\" width=\"500\" height=\"500\" src=\"https:\/\/sinalfort.com.br\/wp-content\/uploads\/2024\/09\/lar_construcao.jpg\" class=\"elementor-animation-bob attachment-full size-full wp-image-1924\" alt=\"\" srcset=\"https:\/\/sinalfort.com.br\/wp-content\/uploads\/2024\/09\/lar_construcao.jpg 500w, https:\/\/sinalfort.com.br\/wp-content\/uploads\/2024\/09\/lar_construcao-300x300.jpg 300w, https:\/\/sinalfort.com.br\/wp-content\/uploads\/2024\/09\/lar_construcao-150x150.jpg 150w, https:\/\/sinalfort.com.br\/wp-content\/uploads\/2024\/09\/lar_construcao-100x100.jpg 100w, https:\/\/sinalfort.com.br\/wp-content\/uploads\/2024\/09\/lar_construcao-64x64.jpg 64w\" sizes=\"(max-width: 500px) 100vw, 500px\" \/><\/a><\/figure><div class=\"elementor-image-box-content\"><h3 class=\"elementor-image-box-title\"><a href=\"https:\/\/sinalfort.com.br\/?page_id=3088\">Lar e constru\u00e7\u00e3o<\/a><\/h3><\/div><\/div>\t\t\t\t<\/div>\n\t\t\t\t<\/div>\n\t\t\t\t<div class=\"elementor-element elementor-element-8e0d2b7 elementor-widget-mobile__width-initial e-transform elementor-position-top elementor-position-top elementor-widget elementor-widget-image-box\" data-id=\"8e0d2b7\" data-element_type=\"widget\" data-e-type=\"widget\" data-settings=\"{&quot;_transform_scale_effect&quot;:{&quot;unit&quot;:&quot;px&quot;,&quot;size&quot;:&quot;&quot;,&quot;sizes&quot;:[]},&quot;_transform_scale_effect_tablet&quot;:{&quot;unit&quot;:&quot;px&quot;,&quot;size&quot;:&quot;&quot;,&quot;sizes&quot;:[]},&quot;_transform_scale_effect_mobile&quot;:{&quot;unit&quot;:&quot;px&quot;,&quot;size&quot;:&quot;&quot;,&quot;sizes&quot;:[]}}\" data-widget_type=\"image-box.default\">\n\t\t\t\t<div class=\"elementor-widget-container\">\n\t\t\t\t\t<div class=\"elementor-image-box-wrapper\"><figure class=\"elementor-image-box-img\"><a href=\"https:\/\/sinalfort.com.br\/?page_id=3058\" tabindex=\"-1\"><img loading=\"lazy\" decoding=\"async\" width=\"500\" height=\"500\" src=\"https:\/\/sinalfort.com.br\/wp-content\/uploads\/2024\/09\/suporte_surf_bike.jpg\" class=\"elementor-animation-bob attachment-full size-full wp-image-1917\" alt=\"\" srcset=\"https:\/\/sinalfort.com.br\/wp-content\/uploads\/2024\/09\/suporte_surf_bike.jpg 500w, https:\/\/sinalfort.com.br\/wp-content\/uploads\/2024\/09\/suporte_surf_bike-300x300.jpg 300w, https:\/\/sinalfort.com.br\/wp-content\/uploads\/2024\/09\/suporte_surf_bike-150x150.jpg 150w, https:\/\/sinalfort.com.br\/wp-content\/uploads\/2024\/09\/suporte_surf_bike-100x100.jpg 100w, https:\/\/sinalfort.com.br\/wp-content\/uploads\/2024\/09\/suporte_surf_bike-64x64.jpg 64w\" sizes=\"(max-width: 500px) 100vw, 500px\" \/><\/a><\/figure><div class=\"elementor-image-box-content\"><h3 class=\"elementor-image-box-title\"><a href=\"https:\/\/sinalfort.com.br\/?page_id=3058\">Suporte bike - stand up - surf<\/a><\/h3><\/div><\/div>\t\t\t\t<\/div>\n\t\t\t\t<\/div>\n\t\t\t\t<\/div>\n\t\t\t\t<\/div>\n\t\t","protected":false},"excerpt":{"rendered":"<p>Produtos Antenas Abra\u00e7adeiras Suporte ar-condicionado Suporte e tubos para antenas Varais Suporte calha Lar e constru\u00e7\u00e3o Suporte bike &#8211; stand up &#8211; surf<\/p>\n","protected":false},"author":1,"featured_media":0,"parent":0,"menu_order":0,"comment_status":"closed","ping_status":"closed","template":"elementor_header_footer","meta":{"_joinchat":[],"footnotes":""},"class_list":["post-2021","page","type-page","status-publish","hentry"],"_links":{"self":[{"href":"https:\/\/sinalfort.com.br\/index.php?rest_route=\/wp\/v2\/pages\/2021"}],"collection":[{"href":"https:\/\/sinalfort.com.br\/index.php?rest_route=\/wp\/v2\/pages"}],"about":[{"href":"https:\/\/sinalfort.com.br\/index.php?rest_route=\/wp\/v2\/types\/page"}],"author":[{"embeddable":true,"href":"https:\/\/sinalfort.com.br\/index.php?rest_route=\/wp\/v2\/users\/1"}],"replies":[{"embeddable":true,"href":"https:\/\/sinalfort.com.br\/index.php?rest_route=%2Fwp%2Fv2%2Fcomments&post=2021"}],"version-history":[{"count":56,"href":"https:\/\/sinalfort.com.br\/index.php?rest_route=\/wp\/v2\/pages\/2021\/revisions"}],"predecessor-version":[{"id":3171,"href":"https:\/\/sinalfort.com.br\/index.php?rest_route=\/wp\/v2\/pages\/2021\/revisions\/3171"}],"wp:attachment":[{"href":"https:\/\/sinalfort.com.br\/index.php?rest_route=%2Fwp%2Fv2%2Fmedia&parent=2021"}],"curies":[{"name":"wp","href":"https:\/\/api.w.org\/{rel}","templated":true}]}}